{"id":2,"date":"2013-12-16T09:58:14","date_gmt":"2013-12-16T09:58:14","guid":{"rendered":"https:\/\/blog.ilgiornale.it\/coppetti\/?page_id=2"},"modified":"2021-01-24T16:11:44","modified_gmt":"2021-01-24T16:11:44","slug":"perche-questo-blog","status":"publish","type":"page","link":"https:\/\/blog.ilgiornale.it\/coppetti\/perche-questo-blog\/","title":{"rendered":"Perch\u00e8 questo blog"},"content":{"rendered":"<p>YO=M<span style=\"vertical-align: super\">3<\/span>+ M+ L \u00a0(fratto) T<\/p>\n<p>Ovvero: Mamma al cubo (tre figli) pi\u00f9 M (marito) pi\u00f9 L (lavoro) fratto T (la tata, finch\u00e9 dura!).<\/p>\n<p>Risultato? Eccomi: \u201cYO\u201d, con la &#8220;Y&#8221; invece della &#8220;I&#8221;, con l&#8217;incognita irrisolvibile. Espressioni di vita che non quadrano quelle delle mammelavoratrici, che siano al quadrato, al cubo o anche semplicemente \u201calla prima\u201d (figlia o figlio). Mammelavoratrici, comunque, tutto attaccato perch\u00e9 ogni giorno non si sa dove comincia l&#8217;una \u00a0e finisce l\u2019altra\u2026<\/p>\n","protected":false},"excerpt":{"rendered":"<p><p>YO=M3+ M+ L \u00a0(fratto) T Ovvero: Mamma al cubo (tre figli) pi\u00f9 M (marito) pi\u00f9 L (lavoro) fratto T (la tata, finch\u00e9 dura!). Risultato? Eccomi: \u201cYO\u201d, con la &#8220;Y&#8221; invece della &#8220;I&#8221;, con l&#8217;incognita irrisolvibile. Espressioni di vita che non quadrano quelle delle mammelavoratrici, che siano al quadrato, al cubo o anche semplicemente \u201calla prima\u201d (figlia o figlio). Mammelavoratrici, comunque, tutto attaccato perch\u00e9 ogni giorno non si sa dove comincia l&#8217;una \u00a0e finisce l\u2019altra\u2026<\/p>\n&nbsp;&nbsp;<div class=\"readmore\"><a href=\"https:\/\/blog.ilgiornale.it\/coppetti\/perche-questo-blog\/\">Continua a leggere...<\/a><\/div><\/p>","protected":false},"author":1027,"featured_media":0,"parent":0,"menu_order":0,"comment_status":"open","ping_status":"closed","template":"","meta":[],"_links":{"self":[{"href":"https:\/\/blog.ilgiornale.it\/coppetti\/wp-json\/wp\/v2\/pages\/2"}],"collection":[{"href":"https:\/\/blog.ilgiornale.it\/coppetti\/wp-json\/wp\/v2\/pages"}],"about":[{"href":"https:\/\/blog.ilgiornale.it\/coppetti\/wp-json\/wp\/v2\/types\/page"}],"author":[{"embeddable":true,"href":"https:\/\/blog.ilgiornale.it\/coppetti\/wp-json\/wp\/v2\/users\/1027"}],"replies":[{"embeddable":true,"href":"https:\/\/blog.ilgiornale.it\/coppetti\/wp-json\/wp\/v2\/comments?post=2"}],"version-history":[{"count":8,"href":"https:\/\/blog.ilgiornale.it\/coppetti\/wp-json\/wp\/v2\/pages\/2\/revisions"}],"predecessor-version":[{"id":585,"href":"https:\/\/blog.ilgiornale.it\/coppetti\/wp-json\/wp\/v2\/pages\/2\/revisions\/585"}],"wp:attachment":[{"href":"https:\/\/blog.ilgiornale.it\/coppetti\/wp-json\/wp\/v2\/media?parent=2"}],"curies":[{"name":"wp","href":"https:\/\/api.w.org\/{rel}","templated":true}]}}