{"id":2,"date":"2023-10-12T15:15:27","date_gmt":"2023-10-12T13:15:27","guid":{"rendered":"http:\/\/blog.ilgiornale.it\/decarlo\/?page_id=2"},"modified":"2023-10-23T00:25:54","modified_gmt":"2023-10-22T22:25:54","slug":"perche-questa-rubrica","status":"publish","type":"page","link":"https:\/\/blog.ilgiornale.it\/decarlo\/perche-questa-rubrica\/","title":{"rendered":"Perch\u00e9 questa Rubrica"},"content":{"rendered":"<p style=\"text-align: left\"><strong>Tra Esperienza e Innovazione: Navigare nel Mondo delle Infrastrutture<\/strong><\/p>\n<p style=\"text-align: left\">Fin dai primi passi nella mia carriera, sono stato affascinato dalla complessit\u00e0 e dalla vastit\u00e0 del mondo delle infrastrutture. Ogni dettaglio, ogni snodo infrastrutturale, ogni innovazione digitale che si \u00e8 presentata lungo il mio cammino ha rappresentato non solo una sfida professionale, ma una vera e propria passione.<\/p>\n<p style=\"text-align: left\">Grazie all\u2019esperienza maturata in questi anni come avvocato e consulente, ho avuto il privilegio di lavorare a stretto contatto con molteplici realt\u00e0, occupandomi sia di opere private e\/o pubbliche, sia di opere commissariate. Questa immersione professionale ha arricchito la mia comprensione del settore, permettendomi di identificare le numerose intersezioni e sovrapposizioni tra infrastrutture fisiche e digitali. Al di l\u00e0 della pura ingegneria e progettazione, vi sono storie, sfide e opportunit\u00e0 che meritano attenzione e discussione.<\/p>\n<p style=\"text-align: left\">Da qui la genesi di questo blog: un luogo di incontro e scambio, alimentato dalla mia esperienza, dove approfondire e discutere le molteplici sfaccettature delle infrastrutture, sempre con uno sguardo rivolto ai futuri sviluppi. Approfondiremo insieme, coinvolgendo anche altri esperti del settore nei principali temi.<\/p>\n<p>Nel vasto panorama delle infrastrutture, \u00e8 fondamentale comprendere la diversit\u00e0 e la complessit\u00e0 delle varie componenti. Iniziamo con le <strong>Tipologie di Infrastrutture Fisiche<\/strong>: un affascinante viaggio nel mondo delle <strong>autostrade<\/strong>, dei <strong>ponti<\/strong>, delle <strong>ferrovie<\/strong>, degli <strong>aeroporti<\/strong>, e non solo. Questi sono pilastri fondamentali che danno forma al tessuto intricato delle nostre societ\u00e0.<\/p>\n<p>Ma non possiamo fermarci solo all&#8217;aspetto fisico. Le <strong>Infrastrutture Digitali<\/strong> meritano una menzione particolare. Attraverso una profonda analisi, ci addentreremo nelle <strong>reti di comunicazione<\/strong>, nei <strong>sistemi di cloud computing<\/strong> e nelle rivoluzionarie <strong>architetture digitali<\/strong> che stanno trasformando radicalmente il nostro quotidiano, influenzando il modo in cui viviamo e lavoriamo.<\/p>\n<p>Guardando al futuro, le <strong>Smart Cities<\/strong> rappresentano l&#8217;apice dell&#8217;innovazione. Immaginiamo citt\u00e0 dove la <strong>tecnologia<\/strong> e l&#8217;<strong>infrastruttura<\/strong> convergono per costruire ambienti che siano al contempo vivibili, efficienti e sostenibili. Questa visione ci porta direttamente al concetto di <strong>Sostenibilit\u00e0<\/strong>: riflettiamo sulla fondamentale importanza di creare infrastrutture che siano in armonia con l&#8217;ambiente, progettate con la visione di un futuro migliore per le generazioni a venire.<\/p>\n<p>E come potremmo parlare di futuro senza menzionare <strong>Tecnologia e Innovazione<\/strong>? Dalla <strong>mobilit\u00e0 elettrica<\/strong> alla sempre crescente <strong>digitalizzazione delle reti<\/strong>, \u00e8 evidente come le nuove tecnologie stiano plasmando e ridefinendo il paesaggio infrastrutturale.<\/p>\n<p>Una menzione speciale va all&#8217;<strong>Intermodalit\u00e0 e Logistica<\/strong>: il vero motore che rende possibile una connessione fluida e l&#8217;integrazione tra diversi modi di trasporto, creando un sistema logistico al contempo agile e sostenibile.<\/p>\n<p>Ma in un mondo in rapida evoluzione, non possiamo trascurare la <strong>Sicurezza e Resilienza<\/strong>. Di fronte a minacce sempre pi\u00f9 complesse, sia fisiche che digitali, \u00e8 cruciale riflettere su come proteggere e rendere resiliente ogni singola infrastruttura.<\/p>\n<p>Il <strong>Design e Finanziamento<\/strong> rappresentano le fondamenta di ogni progetto infrastrutturale, con le loro sfide e le immense opportunit\u00e0. E, infine, esploriamo le potenzialit\u00e0 del <strong>Partenariato Pubblico-Privato<\/strong>, una sinergia che apre nuovi orizzonti nella realizzazione di infrastrutture attraverso la collaborazione tra enti pubblici e settore privato.<\/p>\n<p style=\"text-align: left\">Con la nascita di questo spazio digitale, il mio desiderio \u00e8 quello di costruire una piattaforma collaborativa dove la ricchezza della mia esperienza possa incontrare le vostre domande, riflessioni e prospettive.<\/p>\n<p style=\"text-align: left\">Nell&#8217;era dell&#8217;informazione e della condivisione, l&#8217;obiettivo \u00e8 di creare un dialogo continuo e proficuo, attraverso cui possiamo insieme tracciare il cammino delle infrastrutture future, assicurando un mondo pi\u00f9 connesso, sostenibile e innovativo per tutti.<\/p>\n<p style=\"text-align: left\">Buona lettura.<\/p>\n","protected":false},"excerpt":{"rendered":"<p><p>Tra Esperienza e Innovazione: Navigare nel Mondo delle Infrastrutture Fin dai primi passi nella mia carriera, sono stato affascinato dalla complessit\u00e0 e dalla vastit\u00e0 del mondo delle infrastrutture. Ogni dettaglio, ogni snodo infrastrutturale, ogni innovazione digitale che si \u00e8 presentata lungo il mio cammino ha rappresentato non solo una sfida professionale, ma una vera e propria passione. Grazie all\u2019esperienza maturata in questi anni come avvocato e consulente, ho avuto il privilegio di lavorare a stretto contatto con molteplici realt\u00e0, occupandomi sia di opere private e\/o pubbliche, sia di opere commissariate. Questa immersione professionale ha arricchito la mia comprensione del settore, [&hellip;]<\/p>\n&nbsp;&nbsp;<div class=\"readmore\"><a href=\"https:\/\/blog.ilgiornale.it\/decarlo\/perche-questa-rubrica\/\">Continua a leggere...<\/a><\/div><\/p>","protected":false},"author":1019,"featured_media":0,"parent":0,"menu_order":0,"comment_status":"closed","ping_status":"open","template":"","meta":[],"_links":{"self":[{"href":"https:\/\/blog.ilgiornale.it\/decarlo\/wp-json\/wp\/v2\/pages\/2"}],"collection":[{"href":"https:\/\/blog.ilgiornale.it\/decarlo\/wp-json\/wp\/v2\/pages"}],"about":[{"href":"https:\/\/blog.ilgiornale.it\/decarlo\/wp-json\/wp\/v2\/types\/page"}],"author":[{"embeddable":true,"href":"https:\/\/blog.ilgiornale.it\/decarlo\/wp-json\/wp\/v2\/users\/1019"}],"replies":[{"embeddable":true,"href":"https:\/\/blog.ilgiornale.it\/decarlo\/wp-json\/wp\/v2\/comments?post=2"}],"version-history":[{"count":10,"href":"https:\/\/blog.ilgiornale.it\/decarlo\/wp-json\/wp\/v2\/pages\/2\/revisions"}],"predecessor-version":[{"id":149,"href":"https:\/\/blog.ilgiornale.it\/decarlo\/wp-json\/wp\/v2\/pages\/2\/revisions\/149"}],"wp:attachment":[{"href":"https:\/\/blog.ilgiornale.it\/decarlo\/wp-json\/wp\/v2\/media?parent=2"}],"curies":[{"name":"wp","href":"https:\/\/api.w.org\/{rel}","templated":true}]}}