{"id":2,"date":"2015-11-19T09:49:57","date_gmt":"2015-11-19T09:49:57","guid":{"rendered":"https:\/\/blog.ilgiornale.it\/gallone\/?page_id=2"},"modified":"2015-11-23T10:26:45","modified_gmt":"2015-11-23T09:26:45","slug":"perche-questo-blog","status":"publish","type":"page","link":"https:\/\/blog.ilgiornale.it\/gallone\/perche-questo-blog\/","title":{"rendered":"Perch\u00e9 questo blog"},"content":{"rendered":"<p>Sulla mia sedia a 4 ruote posso vedere il mondo da una prospettiva privilegiata. Da questa mia altezza, anzi da questa mia bassezza, posso facilmente mettermi nei panni di chi vive inchiodato su una carrozzina o perso nei meandri della propria mente.<\/p>\n<p>Da questa mia bassezza, su questa mia turbo twist virtuale, vorrei dare voce a tutte le persone che nessuno guarda e nessuno ascolta.<\/p>\n<p>Vorrei scrivere le loro proteste e le loro proposte, perch\u00e8 nessuno dovrebbe mai sentirsi relegato in tribuna.<\/p>\n<p>Vorrei insomma che questo blog potesse sollevare il sipario della piet\u00e0 e dell&#8217;indifferenza. Perch\u00e8 questa \u00e8 la mia convinzione: guardare in faccia chi subisce un&#8217;ingiustizia \u00e8 il primo passo per superarla.<\/p>\n","protected":false},"excerpt":{"rendered":"<p><p>Sulla mia sedia a 4 ruote posso vedere il mondo da una prospettiva privilegiata. Da questa mia altezza, anzi da questa mia bassezza, posso facilmente mettermi nei panni di chi vive inchiodato su una carrozzina o perso nei meandri della propria mente. Da questa mia bassezza, su questa mia turbo twist virtuale, vorrei dare voce a tutte le persone che nessuno guarda e nessuno ascolta. Vorrei scrivere le loro proteste e le loro proposte, perch\u00e8 nessuno dovrebbe mai sentirsi relegato in tribuna. Vorrei insomma che questo blog potesse sollevare il sipario della piet\u00e0 e dell&#8217;indifferenza. Perch\u00e8 questa \u00e8 la mia [&hellip;]<\/p>\n&nbsp;&nbsp;<div class=\"readmore\"><a href=\"https:\/\/blog.ilgiornale.it\/gallone\/perche-questo-blog\/\">Continua a leggere...<\/a><\/div><\/p>","protected":false},"author":991,"featured_media":0,"parent":0,"menu_order":0,"comment_status":"open","ping_status":"closed","template":"","meta":[],"_links":{"self":[{"href":"https:\/\/blog.ilgiornale.it\/gallone\/wp-json\/wp\/v2\/pages\/2"}],"collection":[{"href":"https:\/\/blog.ilgiornale.it\/gallone\/wp-json\/wp\/v2\/pages"}],"about":[{"href":"https:\/\/blog.ilgiornale.it\/gallone\/wp-json\/wp\/v2\/types\/page"}],"author":[{"embeddable":true,"href":"https:\/\/blog.ilgiornale.it\/gallone\/wp-json\/wp\/v2\/users\/991"}],"replies":[{"embeddable":true,"href":"https:\/\/blog.ilgiornale.it\/gallone\/wp-json\/wp\/v2\/comments?post=2"}],"version-history":[{"count":1,"href":"https:\/\/blog.ilgiornale.it\/gallone\/wp-json\/wp\/v2\/pages\/2\/revisions"}],"predecessor-version":[{"id":6,"href":"https:\/\/blog.ilgiornale.it\/gallone\/wp-json\/wp\/v2\/pages\/2\/revisions\/6"}],"wp:attachment":[{"href":"https:\/\/blog.ilgiornale.it\/gallone\/wp-json\/wp\/v2\/media?parent=2"}],"curies":[{"name":"wp","href":"https:\/\/api.w.org\/{rel}","templated":true}]}}