{"id":2,"date":"2015-10-08T14:01:12","date_gmt":"2015-10-08T14:01:12","guid":{"rendered":"https:\/\/blog.ilgiornale.it\/giubilei\/?page_id=2"},"modified":"2015-10-08T16:41:16","modified_gmt":"2015-10-08T14:41:16","slug":"perche-questo-blog","status":"publish","type":"page","link":"https:\/\/blog.ilgiornale.it\/giubilei\/perche-questo-blog\/","title":{"rendered":"Perch\u00e8 questo blog"},"content":{"rendered":"<p>Questo blog nasce dalla necessit\u00e0 di riscoprire una cultura conservatrice nell&#8217;Italia contemporanea. Conservatore secondo Prezzolini \u00e8 chi, a differenza del reazionario, vuole conservare del passato &#8220;gli elementi naturali e fondamentali della societ\u00e0, che sono: la propriet\u00e0 privata, la famiglia, la patria e anche la religione&#8221;. Chi &#8220;sa che a problemi nuovi si devono dare risposte nuove, ispirate per\u00f2 ai princ\u00ecpi permanenti&#8221;. Un luogo di dibattito e riflessione sull&#8217;attualit\u00e0 e la cultura italiana viste con gli occhi di un giovane conservatore.<\/p>\n","protected":false},"excerpt":{"rendered":"<p><p>Questo blog nasce dalla necessit\u00e0 di riscoprire una cultura conservatrice nell&#8217;Italia contemporanea. Conservatore secondo Prezzolini \u00e8 chi, a differenza del reazionario, vuole conservare del passato &#8220;gli elementi naturali e fondamentali della societ\u00e0, che sono: la propriet\u00e0 privata, la famiglia, la patria e anche la religione&#8221;. Chi &#8220;sa che a problemi nuovi si devono dare risposte nuove, ispirate per\u00f2 ai princ\u00ecpi permanenti&#8221;. Un luogo di dibattito e riflessione sull&#8217;attualit\u00e0 e la cultura italiana viste con gli occhi di un giovane conservatore.<\/p>\n&nbsp;&nbsp;<div class=\"readmore\"><a href=\"https:\/\/blog.ilgiornale.it\/giubilei\/perche-questo-blog\/\">Continua a leggere...<\/a><\/div><\/p>","protected":false},"author":991,"featured_media":0,"parent":0,"menu_order":0,"comment_status":"open","ping_status":"closed","template":"","meta":[],"_links":{"self":[{"href":"https:\/\/blog.ilgiornale.it\/giubilei\/wp-json\/wp\/v2\/pages\/2"}],"collection":[{"href":"https:\/\/blog.ilgiornale.it\/giubilei\/wp-json\/wp\/v2\/pages"}],"about":[{"href":"https:\/\/blog.ilgiornale.it\/giubilei\/wp-json\/wp\/v2\/types\/page"}],"author":[{"embeddable":true,"href":"https:\/\/blog.ilgiornale.it\/giubilei\/wp-json\/wp\/v2\/users\/991"}],"replies":[{"embeddable":true,"href":"https:\/\/blog.ilgiornale.it\/giubilei\/wp-json\/wp\/v2\/comments?post=2"}],"version-history":[{"count":2,"href":"https:\/\/blog.ilgiornale.it\/giubilei\/wp-json\/wp\/v2\/pages\/2\/revisions"}],"predecessor-version":[{"id":7,"href":"https:\/\/blog.ilgiornale.it\/giubilei\/wp-json\/wp\/v2\/pages\/2\/revisions\/7"}],"wp:attachment":[{"href":"https:\/\/blog.ilgiornale.it\/giubilei\/wp-json\/wp\/v2\/media?parent=2"}],"curies":[{"name":"wp","href":"https:\/\/api.w.org\/{rel}","templated":true}]}}