{"id":2,"date":"2020-10-22T11:09:43","date_gmt":"2020-10-22T09:09:43","guid":{"rendered":"http:\/\/blog.ilgiornale.it\/grimaldi\/?page_id=2"},"modified":"2020-10-22T11:47:02","modified_gmt":"2020-10-22T09:47:02","slug":"perche-questo-blog","status":"publish","type":"page","link":"https:\/\/blog.ilgiornale.it\/grimaldi\/perche-questo-blog\/","title":{"rendered":"Perch\u00e9 questo blog"},"content":{"rendered":"<p>Non mi sono mai accontentata di quello che leggo o vedo in televisione. Ho sempre cercato di scoprire di pi\u00f9 attraverso inchieste, interviste e ricerche per raggiungere il nocciolo della verit\u00e0.<br \/>\nIn questo blog vorrei condividere con voi questi approfondimenti che riguardano anche citt\u00e0, destinazioni, eventi e itinerari che ritengo possano arricchire il nostro spirito e corroborare il corpo. Le migliori idee vengono quando si sta insieme.<\/p>\n","protected":false},"excerpt":{"rendered":"<p><p>Non mi sono mai accontentata di quello che leggo o vedo in televisione. Ho sempre cercato di scoprire di pi\u00f9 attraverso inchieste, interviste e ricerche per raggiungere il nocciolo della verit\u00e0. In questo blog vorrei condividere con voi questi approfondimenti che riguardano anche citt\u00e0, destinazioni, eventi e itinerari che ritengo possano arricchire il nostro spirito e corroborare il corpo. Le migliori idee vengono quando si sta insieme.<\/p>\n&nbsp;&nbsp;<div class=\"readmore\"><a href=\"https:\/\/blog.ilgiornale.it\/grimaldi\/perche-questo-blog\/\">Continua a leggere...<\/a><\/div><\/p>","protected":false},"author":991,"featured_media":0,"parent":0,"menu_order":0,"comment_status":"closed","ping_status":"open","template":"","meta":[],"_links":{"self":[{"href":"https:\/\/blog.ilgiornale.it\/grimaldi\/wp-json\/wp\/v2\/pages\/2"}],"collection":[{"href":"https:\/\/blog.ilgiornale.it\/grimaldi\/wp-json\/wp\/v2\/pages"}],"about":[{"href":"https:\/\/blog.ilgiornale.it\/grimaldi\/wp-json\/wp\/v2\/types\/page"}],"author":[{"embeddable":true,"href":"https:\/\/blog.ilgiornale.it\/grimaldi\/wp-json\/wp\/v2\/users\/991"}],"replies":[{"embeddable":true,"href":"https:\/\/blog.ilgiornale.it\/grimaldi\/wp-json\/wp\/v2\/comments?post=2"}],"version-history":[{"count":2,"href":"https:\/\/blog.ilgiornale.it\/grimaldi\/wp-json\/wp\/v2\/pages\/2\/revisions"}],"predecessor-version":[{"id":6,"href":"https:\/\/blog.ilgiornale.it\/grimaldi\/wp-json\/wp\/v2\/pages\/2\/revisions\/6"}],"wp:attachment":[{"href":"https:\/\/blog.ilgiornale.it\/grimaldi\/wp-json\/wp\/v2\/media?parent=2"}],"curies":[{"name":"wp","href":"https:\/\/api.w.org\/{rel}","templated":true}]}}