{"id":2,"date":"2016-05-12T10:06:29","date_gmt":"2016-05-12T10:06:29","guid":{"rendered":"https:\/\/blog.ilgiornale.it\/martone\/?page_id=2"},"modified":"2016-05-12T14:49:49","modified_gmt":"2016-05-12T12:49:49","slug":"perche-questo-blog","status":"publish","type":"page","link":"https:\/\/blog.ilgiornale.it\/martone\/perche-questo-blog\/","title":{"rendered":"Perch\u00e9 questo blog"},"content":{"rendered":"<div>\n<div>\n<div>\n<div>Siamo subissati da numeri e analisi che sembrano dire tutto e il contrario di tutto. In mezzo a queste nuvole di dati che rappresentano il \u201cRumore\u201d sono sempre stato interessato a capire quali siano i veri fenomeni e trend, ovvero quelli che rappresentano i \u201cSegnali\u201d da cogliere e seguire. A volte sono chiari, sfuggenti come dei lampi in mezzo ad un temporale, ma gli effetti si avvertono dopo poco tempo con tuoni che sentono anche coloro che non hanno visto la saetta brillare nel cielo.<\/div>\n<div>E\u2019 un lavoro sporco e difficile, ma qualcuno deve pur farlo. Ed allora, con umilt\u00e0, cercher\u00f2 di farlo io assieme a voi (perch\u00e9 immagino che i commenti e le discussioni arricchiranno quello che scriver\u00f2). Spaziando in campi diversi dall\u2019innovazione tecnologica alla politica, dallo sport alla vita di tutti i giorni. In un viaggio tra i numeri e le statistiche pi\u00f9 interessanti che passano sotto i miei occhi ogni giorno.<\/div>\n<\/div>\n<\/div>\n<\/div>\n","protected":false},"excerpt":{"rendered":"<p><p>Siamo subissati da numeri e analisi che sembrano dire tutto e il contrario di tutto. In mezzo a queste nuvole di dati che rappresentano il \u201cRumore\u201d sono sempre stato interessato a capire quali siano i veri fenomeni e trend, ovvero quelli che rappresentano i \u201cSegnali\u201d da cogliere e seguire. A volte sono chiari, sfuggenti come dei lampi in mezzo ad un temporale, ma gli effetti si avvertono dopo poco tempo con tuoni che sentono anche coloro che non hanno visto la saetta brillare nel cielo. E\u2019 un lavoro sporco e difficile, ma qualcuno deve pur farlo. Ed allora, con umilt\u00e0, [&hellip;]<\/p>\n&nbsp;&nbsp;<div class=\"readmore\"><a href=\"https:\/\/blog.ilgiornale.it\/martone\/perche-questo-blog\/\">Continua a leggere...<\/a><\/div><\/p>","protected":false},"author":991,"featured_media":0,"parent":0,"menu_order":0,"comment_status":"open","ping_status":"closed","template":"","meta":[],"_links":{"self":[{"href":"https:\/\/blog.ilgiornale.it\/martone\/wp-json\/wp\/v2\/pages\/2"}],"collection":[{"href":"https:\/\/blog.ilgiornale.it\/martone\/wp-json\/wp\/v2\/pages"}],"about":[{"href":"https:\/\/blog.ilgiornale.it\/martone\/wp-json\/wp\/v2\/types\/page"}],"author":[{"embeddable":true,"href":"https:\/\/blog.ilgiornale.it\/martone\/wp-json\/wp\/v2\/users\/991"}],"replies":[{"embeddable":true,"href":"https:\/\/blog.ilgiornale.it\/martone\/wp-json\/wp\/v2\/comments?post=2"}],"version-history":[{"count":1,"href":"https:\/\/blog.ilgiornale.it\/martone\/wp-json\/wp\/v2\/pages\/2\/revisions"}],"predecessor-version":[{"id":6,"href":"https:\/\/blog.ilgiornale.it\/martone\/wp-json\/wp\/v2\/pages\/2\/revisions\/6"}],"wp:attachment":[{"href":"https:\/\/blog.ilgiornale.it\/martone\/wp-json\/wp\/v2\/media?parent=2"}],"curies":[{"name":"wp","href":"https:\/\/api.w.org\/{rel}","templated":true}]}}