{"id":2,"date":"2018-01-17T14:26:27","date_gmt":"2018-01-17T14:26:27","guid":{"rendered":"https:\/\/blog.ilgiornale.it\/orrico\/?page_id=2"},"modified":"2018-01-17T16:40:46","modified_gmt":"2018-01-17T15:40:46","slug":"perche-questo-blog","status":"publish","type":"page","link":"https:\/\/blog.ilgiornale.it\/orrico\/perche-questo-blog\/","title":{"rendered":"Perch\u00e9 questo blog"},"content":{"rendered":"<div>Perch\u00e9 attraverso la scrittura (i veri egocentrici sono grafomani) posso dissacrare la realt\u00e0 quotidiana<\/div>\n<div>fatta di luoghi comuni, perbenismo di facciata, buonismo di convenienza.<\/div>\n<div>Perch\u00e9 sono toscana, figlia della provincia, perch\u00e9 della mia citt\u00e0 natale (Carrara)\u00a0 conservo lo spirito anarchico di chi discute su tutto, di chi non \u00e8 mai soddisfatto di nulla.<\/div>\n<div>Perch\u00e9 non possiedo lo spirito ecumenico di convertire gli altri\u00a0 alle mie convinzioni\u00a0 ma,\u00a0 come disse l&#8217;esimia: &#8220;Dove non arriva la mia penna, arriver\u00e0 la mia bionditudine&#8221;.<\/div>\n","protected":false},"excerpt":{"rendered":"<p><p>Perch\u00e9 attraverso la scrittura (i veri egocentrici sono grafomani) posso dissacrare la realt\u00e0 quotidiana fatta di luoghi comuni, perbenismo di facciata, buonismo di convenienza. Perch\u00e9 sono toscana, figlia della provincia, perch\u00e9 della mia citt\u00e0 natale (Carrara)\u00a0 conservo lo spirito anarchico di chi discute su tutto, di chi non \u00e8 mai soddisfatto di nulla. Perch\u00e9 non possiedo lo spirito ecumenico di convertire gli altri\u00a0 alle mie convinzioni\u00a0 ma,\u00a0 come disse l&#8217;esimia: &#8220;Dove non arriva la mia penna, arriver\u00e0 la mia bionditudine&#8221;.<\/p>\n&nbsp;&nbsp;<div class=\"readmore\"><a href=\"https:\/\/blog.ilgiornale.it\/orrico\/perche-questo-blog\/\">Continua a leggere...<\/a><\/div><\/p>","protected":false},"author":991,"featured_media":0,"parent":0,"menu_order":0,"comment_status":"open","ping_status":"closed","template":"","meta":[],"_links":{"self":[{"href":"https:\/\/blog.ilgiornale.it\/orrico\/wp-json\/wp\/v2\/pages\/2"}],"collection":[{"href":"https:\/\/blog.ilgiornale.it\/orrico\/wp-json\/wp\/v2\/pages"}],"about":[{"href":"https:\/\/blog.ilgiornale.it\/orrico\/wp-json\/wp\/v2\/types\/page"}],"author":[{"embeddable":true,"href":"https:\/\/blog.ilgiornale.it\/orrico\/wp-json\/wp\/v2\/users\/991"}],"replies":[{"embeddable":true,"href":"https:\/\/blog.ilgiornale.it\/orrico\/wp-json\/wp\/v2\/comments?post=2"}],"version-history":[{"count":1,"href":"https:\/\/blog.ilgiornale.it\/orrico\/wp-json\/wp\/v2\/pages\/2\/revisions"}],"predecessor-version":[{"id":5,"href":"https:\/\/blog.ilgiornale.it\/orrico\/wp-json\/wp\/v2\/pages\/2\/revisions\/5"}],"wp:attachment":[{"href":"https:\/\/blog.ilgiornale.it\/orrico\/wp-json\/wp\/v2\/media?parent=2"}],"curies":[{"name":"wp","href":"https:\/\/api.w.org\/{rel}","templated":true}]}}