{"id":2,"date":"2015-11-26T09:56:42","date_gmt":"2015-11-26T09:56:42","guid":{"rendered":"https:\/\/blog.ilgiornale.it\/persiani\/?page_id=2"},"modified":"2015-11-26T12:32:36","modified_gmt":"2015-11-26T11:32:36","slug":"perche-questo-blog","status":"publish","type":"page","link":"https:\/\/blog.ilgiornale.it\/persiani\/perche-questo-blog\/","title":{"rendered":"Perch\u00e9 questo blog"},"content":{"rendered":"<div>Ogni\u00a0volta che compero frutta, verdura, ma anche carne, penso a come sia diversa la qualit\u00e0 del cibo che offro ai miei ragazzi, rispetto a quella che, invece, mi preparava mia madre. Ecco perch\u00e9 amo occuparmi di salute e di benessere a 360 gradi, argomento che, da anni, tratto su il Giornale, dove ho avuto il privilegio di approfondire con medici, professori ed esperti molte tematiche di medicina, ma anche pi\u00f9 comuni come l&#8217;alimentazione.<\/div>\n<p>Del resto, ci hanno sempre detto che prevenire \u00e8 meglio che curare. Per questo, da mamma curiosa, cerco di saperne sempre di pi\u00f9 su ogni tematica riguardante il benessere e la salute. E, attraverso questo blog, desidero condividere tutti questi aspetti, dialogando anche con voi lettori. Come si fa tra amici<\/p>\n","protected":false},"excerpt":{"rendered":"<p><p>Ogni\u00a0volta che compero frutta, verdura, ma anche carne, penso a come sia diversa la qualit\u00e0 del cibo che offro ai miei ragazzi, rispetto a quella che, invece, mi preparava mia madre. Ecco perch\u00e9 amo occuparmi di salute e di benessere a 360 gradi, argomento che, da anni, tratto su il Giornale, dove ho avuto il privilegio di approfondire con medici, professori ed esperti molte tematiche di medicina, ma anche pi\u00f9 comuni come l&#8217;alimentazione. Del resto, ci hanno sempre detto che prevenire \u00e8 meglio che curare. Per questo, da mamma curiosa, cerco di saperne sempre di pi\u00f9 su ogni tematica riguardante [&hellip;]<\/p>\n&nbsp;&nbsp;<div class=\"readmore\"><a href=\"https:\/\/blog.ilgiornale.it\/persiani\/perche-questo-blog\/\">Continua a leggere...<\/a><\/div><\/p>","protected":false},"author":991,"featured_media":0,"parent":0,"menu_order":0,"comment_status":"open","ping_status":"closed","template":"","meta":[],"_links":{"self":[{"href":"https:\/\/blog.ilgiornale.it\/persiani\/wp-json\/wp\/v2\/pages\/2"}],"collection":[{"href":"https:\/\/blog.ilgiornale.it\/persiani\/wp-json\/wp\/v2\/pages"}],"about":[{"href":"https:\/\/blog.ilgiornale.it\/persiani\/wp-json\/wp\/v2\/types\/page"}],"author":[{"embeddable":true,"href":"https:\/\/blog.ilgiornale.it\/persiani\/wp-json\/wp\/v2\/users\/991"}],"replies":[{"embeddable":true,"href":"https:\/\/blog.ilgiornale.it\/persiani\/wp-json\/wp\/v2\/comments?post=2"}],"version-history":[{"count":1,"href":"https:\/\/blog.ilgiornale.it\/persiani\/wp-json\/wp\/v2\/pages\/2\/revisions"}],"predecessor-version":[{"id":5,"href":"https:\/\/blog.ilgiornale.it\/persiani\/wp-json\/wp\/v2\/pages\/2\/revisions\/5"}],"wp:attachment":[{"href":"https:\/\/blog.ilgiornale.it\/persiani\/wp-json\/wp\/v2\/media?parent=2"}],"curies":[{"name":"wp","href":"https:\/\/api.w.org\/{rel}","templated":true}]}}