{"id":2,"date":"2018-04-26T13:30:13","date_gmt":"2018-04-26T13:30:13","guid":{"rendered":"https:\/\/blog.ilgiornale.it\/puglisi\/?page_id=2"},"modified":"2018-04-26T16:11:28","modified_gmt":"2018-04-26T14:11:28","slug":"perche-questo-blog","status":"publish","type":"page","link":"https:\/\/blog.ilgiornale.it\/puglisi\/perche-questo-blog\/","title":{"rendered":"Perch\u00e8 questo blog"},"content":{"rendered":"<div>\n<div dir=\"auto\">\n<div>\n<div dir=\"ltr\">\n<div dir=\"auto\">\n<div>\n<div dir=\"ltr\">\n<div dir=\"auto\">\n<div>\n<div>\n<div dir=\"ltr\">\n<div dir=\"auto\">\n<div>\n<div>\n<div dir=\"ltr\">\n<div dir=\"auto\">\n<div>\n<div id=\"m_-2476059809559058521m_-3494516781496434331m_-7170719150761920820m_1627342722529723708m_8571007638732956744m_2570182622622048921m_-3854430117302423494gmail-m_8511803637574917736m_6730206025379231837AppleMailSignature\">\n<div>\n<div dir=\"ltr\">\n<div>Perch\u00e9 ha un titolo terribilmente desueto e inattuale. E cos\u00ec vuole essere. In una societ\u00e0 rigidamente conformista nel suo acritico progressismo, il ghibellino contemporaneo non pu\u00f2 che essere\u00a0un pugnace conservatore. Ma, si badi bene, non un ottuso bigotto. E&#8217; un uomo che cavalca la tigre della societ\u00e0 della tecnica, dei\u00a0<i>selfie<\/i>\u00a0e degli\u00a0<i>smartphone<\/i>, ma resta con fierezza in piedi tra le rovine della modernit\u00e0 liquida e non si vergogna, se necessario, di apparire fuori luogo.\u00a0Sta dalla parte dei deboli, ma disprezza il verbo buonista e la politica in abito talare. Certamente brama con forza la libert\u00e0, anche quella di poter essere, all&#8217;occorrenza, politicamente scorretto. E&#8217; un apota in senso prezzolinano, perch\u00e9 legge e si informa ma, prima di tutto, pensa con la propria testa, senza lasciarsi influenzare dagli\u00a0<i>etat d&#8217;esprit<\/i>\u00a0collettivi. Se vi riconoscete in questa descrizione questo blog fa per voi.<\/div>\n<\/div>\n<\/div>\n<\/div>\n<\/div>\n<\/div>\n<\/div>\n<\/div>\n<\/div>\n<\/div>\n<\/div>\n<\/div>\n<\/div>\n<\/div>\n<\/div>\n<\/div>\n<\/div>\n<\/div>\n<\/div>\n<\/div>\n<\/div>\n","protected":false},"excerpt":{"rendered":"<p><p>Perch\u00e9 ha un titolo terribilmente desueto e inattuale. E cos\u00ec vuole essere. In una societ\u00e0 rigidamente conformista nel suo acritico progressismo, il ghibellino contemporaneo non pu\u00f2 che essere\u00a0un pugnace conservatore. Ma, si badi bene, non un ottuso bigotto. E&#8217; un uomo che cavalca la tigre della societ\u00e0 della tecnica, dei\u00a0selfie\u00a0e degli\u00a0smartphone, ma resta con fierezza in piedi tra le rovine della modernit\u00e0 liquida e non si vergogna, se necessario, di apparire fuori luogo.\u00a0Sta dalla parte dei deboli, ma disprezza il verbo buonista e la politica in abito talare. Certamente brama con forza la libert\u00e0, anche quella di poter essere, all&#8217;occorrenza, [&hellip;]<\/p>\n&nbsp;&nbsp;<div class=\"readmore\"><a href=\"https:\/\/blog.ilgiornale.it\/puglisi\/perche-questo-blog\/\">Continua a leggere...<\/a><\/div><\/p>","protected":false},"author":991,"featured_media":0,"parent":0,"menu_order":0,"comment_status":"open","ping_status":"closed","template":"","meta":[],"_links":{"self":[{"href":"https:\/\/blog.ilgiornale.it\/puglisi\/wp-json\/wp\/v2\/pages\/2"}],"collection":[{"href":"https:\/\/blog.ilgiornale.it\/puglisi\/wp-json\/wp\/v2\/pages"}],"about":[{"href":"https:\/\/blog.ilgiornale.it\/puglisi\/wp-json\/wp\/v2\/types\/page"}],"author":[{"embeddable":true,"href":"https:\/\/blog.ilgiornale.it\/puglisi\/wp-json\/wp\/v2\/users\/991"}],"replies":[{"embeddable":true,"href":"https:\/\/blog.ilgiornale.it\/puglisi\/wp-json\/wp\/v2\/comments?post=2"}],"version-history":[{"count":1,"href":"https:\/\/blog.ilgiornale.it\/puglisi\/wp-json\/wp\/v2\/pages\/2\/revisions"}],"predecessor-version":[{"id":6,"href":"https:\/\/blog.ilgiornale.it\/puglisi\/wp-json\/wp\/v2\/pages\/2\/revisions\/6"}],"wp:attachment":[{"href":"https:\/\/blog.ilgiornale.it\/puglisi\/wp-json\/wp\/v2\/media?parent=2"}],"curies":[{"name":"wp","href":"https:\/\/api.w.org\/{rel}","templated":true}]}}