{"id":2,"date":"2022-03-14T14:35:11","date_gmt":"2022-03-14T13:35:11","guid":{"rendered":"http:\/\/blog.ilgiornale.it\/rendimento-fondi\/?page_id=2"},"modified":"2022-03-14T14:42:14","modified_gmt":"2022-03-14T13:42:14","slug":"perche-questo-blog","status":"publish","type":"page","link":"https:\/\/blog.ilgiornale.it\/rendimento-fondi\/perche-questo-blog\/","title":{"rendered":"Perch\u00e9 questo blog"},"content":{"rendered":"<p style=\"font-weight: 400;\">RendimentoFondi.it \u00e8 l\u2019unico giornale che ha una sua metodologia chiara e precisa, siamo gli unici infatti ad avere ideato un nostro indicatore proprietario, il Trendycator, sul quale \u00e8 fondato il Metodo RF,\u00a0<a href=\"https:\/\/rendimentofondi.it\/metodo-rendimentofondi\/?utm_source=blog&amp;utm_medium=link&amp;utm_campaign=ilgiornale\"><strong>scopri di pi\u00f9 sul Metodo RF&gt;&gt;<\/strong><\/a><\/p>\n<p style=\"font-weight: 400;\">RendimentoFondi.it nel corso degli anni \u00e8 cresciuto molto e oggi non \u00e8 soltanto un giornale ma un vero circolo esclusivo di investitori e professionisti della finanza.<\/p>\n<p style=\"font-weight: 400;\">Il lettore attraverso i modelli ETI e Trendycator pu\u00f2 costruire le sue watchlist personali e seguire l\u2019andamento dei propri titoli con i grafici interattivi e i segnali Trendycator, oltre a costruirsi portafogli personalizzati confrontando le curve cumulate dei profitti.<\/p>\n<p style=\"font-weight: 400;\">Ogni mese RendimentoFondi.it pubblica il Magazine mensile, una prestigiosa pubblicazione seguitissima dai professionisti della finanza italiana, nella quale viene fatto il punto sui mercati finanziari internazionali<\/p>\n<p style=\"font-weight: 400;\"><a href=\"https:\/\/rendimentofondi.it\/pagina-registrazione-free\/?utm_source=blog&amp;utm_medium=link&amp;utm_campaign=ilgiornale\"><strong>Per leggere gratuitamente RendimentoFondi una settimana clicca qui &gt;&gt;<\/strong><\/a><\/p>\n<p style=\"font-weight: 400;\">\n","protected":false},"excerpt":{"rendered":"<p><p>RendimentoFondi.it \u00e8 l\u2019unico giornale che ha una sua metodologia chiara e precisa, siamo gli unici infatti ad avere ideato un nostro indicatore proprietario, il Trendycator, sul quale \u00e8 fondato il Metodo RF,\u00a0scopri di pi\u00f9 sul Metodo RF&gt;&gt; RendimentoFondi.it nel corso degli anni \u00e8 cresciuto molto e oggi non \u00e8 soltanto un giornale ma un vero circolo esclusivo di investitori e professionisti della finanza. Il lettore attraverso i modelli ETI e Trendycator pu\u00f2 costruire le sue watchlist personali e seguire l\u2019andamento dei propri titoli con i grafici interattivi e i segnali Trendycator, oltre a costruirsi portafogli personalizzati confrontando le curve cumulate [&hellip;]<\/p>\n&nbsp;&nbsp;<div class=\"readmore\"><a href=\"https:\/\/blog.ilgiornale.it\/rendimento-fondi\/perche-questo-blog\/\">Continua a leggere...<\/a><\/div><\/p>","protected":false},"author":1019,"featured_media":0,"parent":0,"menu_order":0,"comment_status":"closed","ping_status":"open","template":"","meta":[],"_links":{"self":[{"href":"https:\/\/blog.ilgiornale.it\/rendimento-fondi\/wp-json\/wp\/v2\/pages\/2"}],"collection":[{"href":"https:\/\/blog.ilgiornale.it\/rendimento-fondi\/wp-json\/wp\/v2\/pages"}],"about":[{"href":"https:\/\/blog.ilgiornale.it\/rendimento-fondi\/wp-json\/wp\/v2\/types\/page"}],"author":[{"embeddable":true,"href":"https:\/\/blog.ilgiornale.it\/rendimento-fondi\/wp-json\/wp\/v2\/users\/1019"}],"replies":[{"embeddable":true,"href":"https:\/\/blog.ilgiornale.it\/rendimento-fondi\/wp-json\/wp\/v2\/comments?post=2"}],"version-history":[{"count":3,"href":"https:\/\/blog.ilgiornale.it\/rendimento-fondi\/wp-json\/wp\/v2\/pages\/2\/revisions"}],"predecessor-version":[{"id":8,"href":"https:\/\/blog.ilgiornale.it\/rendimento-fondi\/wp-json\/wp\/v2\/pages\/2\/revisions\/8"}],"wp:attachment":[{"href":"https:\/\/blog.ilgiornale.it\/rendimento-fondi\/wp-json\/wp\/v2\/media?parent=2"}],"curies":[{"name":"wp","href":"https:\/\/api.w.org\/{rel}","templated":true}]}}