{"id":2,"date":"2014-06-09T09:16:50","date_gmt":"2014-06-09T09:16:50","guid":{"rendered":"https:\/\/blog.ilgiornale.it\/rossi\/?page_id=2"},"modified":"2014-06-09T09:44:25","modified_gmt":"2014-06-09T09:44:25","slug":"perche-questo-blog","status":"publish","type":"page","link":"https:\/\/blog.ilgiornale.it\/rossi\/perche-questo-blog\/","title":{"rendered":"Perch\u00e8 questo blog"},"content":{"rendered":"<p>Perch\u00e9 la libert\u00e0 \u00e8 una cosa seria; e guai a chi ce la tocca\u2026<\/p>\n","protected":false},"excerpt":{"rendered":"<p><p>Perch\u00e9 la libert\u00e0 \u00e8 una cosa seria; e guai a chi ce la tocca\u2026<\/p>\n&nbsp;&nbsp;<div class=\"readmore\"><a href=\"https:\/\/blog.ilgiornale.it\/rossi\/perche-questo-blog\/\">Continua a leggere...<\/a><\/div><\/p>","protected":false},"author":991,"featured_media":0,"parent":0,"menu_order":0,"comment_status":"open","ping_status":"closed","template":"","meta":[],"_links":{"self":[{"href":"https:\/\/blog.ilgiornale.it\/rossi\/wp-json\/wp\/v2\/pages\/2"}],"collection":[{"href":"https:\/\/blog.ilgiornale.it\/rossi\/wp-json\/wp\/v2\/pages"}],"about":[{"href":"https:\/\/blog.ilgiornale.it\/rossi\/wp-json\/wp\/v2\/types\/page"}],"author":[{"embeddable":true,"href":"https:\/\/blog.ilgiornale.it\/rossi\/wp-json\/wp\/v2\/users\/991"}],"replies":[{"embeddable":true,"href":"https:\/\/blog.ilgiornale.it\/rossi\/wp-json\/wp\/v2\/comments?post=2"}],"version-history":[{"count":1,"href":"https:\/\/blog.ilgiornale.it\/rossi\/wp-json\/wp\/v2\/pages\/2\/revisions"}],"predecessor-version":[{"id":4,"href":"https:\/\/blog.ilgiornale.it\/rossi\/wp-json\/wp\/v2\/pages\/2\/revisions\/4"}],"wp:attachment":[{"href":"https:\/\/blog.ilgiornale.it\/rossi\/wp-json\/wp\/v2\/media?parent=2"}],"curies":[{"name":"wp","href":"https:\/\/api.w.org\/{rel}","templated":true}]}}