{"id":2,"date":"2009-02-12T09:48:27","date_gmt":"2009-02-12T08:48:27","guid":{"rendered":""},"modified":"2022-03-25T21:24:43","modified_gmt":"2022-03-25T20:24:43","slug":"about","status":"publish","type":"page","link":"https:\/\/blog.ilgiornale.it\/ruzzo\/about\/","title":{"rendered":"Chi sono"},"content":{"rendered":"<p>Corro sempre. Perch\u00e8 ho tre figli, perch\u00e8 spesso sono in ritardo e perch\u00e8 nel (poco) tempo libero che mi rimane mi alleno o, almeno, ci provo.\u00a0 Ho il &#8220;vizio&#8221; dello sport, non riesco a smettere: ho giocato a rugby al liceo, a calcio all&#8217;universit\u00e0 , ho corso in bici e in mountain bike. Ho scoperto\u00a0 la magia della maratona, del triathlon e- dicono- non parlo d&#8217;altro. Questo blog \u00e8 dedicato a chi ha passione, a chi suda, a chi non vince mai, a\u00a0 chi sa che il traguardo e lontanissimo ma non molla e a chi impazzisce per il profumo dell&#8217;olio canforato.<\/p>\n","protected":false},"excerpt":{"rendered":"<p><p>Corro sempre. Perch\u00e8 ho tre figli, perch\u00e8 spesso sono in ritardo e perch\u00e8 nel (poco) tempo libero che mi rimane mi alleno o, almeno, ci provo.\u00a0 Ho il &#8220;vizio&#8221; dello sport, non riesco a smettere: ho giocato a rugby al liceo, a calcio all&#8217;universit\u00e0 , ho corso in bici e in mountain bike. Ho scoperto\u00a0 la magia della maratona, del triathlon e- dicono- non parlo d&#8217;altro. Questo blog \u00e8 dedicato a chi ha passione, a chi suda, a chi non vince mai, a\u00a0 chi sa che il traguardo e lontanissimo ma non molla e a chi impazzisce per il profumo [&hellip;]<\/p>\n&nbsp;&nbsp;<div class=\"readmore\"><a href=\"https:\/\/blog.ilgiornale.it\/ruzzo\/about\/\">Continua a leggere...<\/a><\/div><\/p>","protected":false},"author":1,"featured_media":0,"parent":0,"menu_order":0,"comment_status":"open","ping_status":"closed","template":"","meta":[],"_links":{"self":[{"href":"https:\/\/blog.ilgiornale.it\/ruzzo\/wp-json\/wp\/v2\/pages\/2"}],"collection":[{"href":"https:\/\/blog.ilgiornale.it\/ruzzo\/wp-json\/wp\/v2\/pages"}],"about":[{"href":"https:\/\/blog.ilgiornale.it\/ruzzo\/wp-json\/wp\/v2\/types\/page"}],"author":[{"embeddable":true,"href":"https:\/\/blog.ilgiornale.it\/ruzzo\/wp-json\/wp\/v2\/users\/1"}],"replies":[{"embeddable":true,"href":"https:\/\/blog.ilgiornale.it\/ruzzo\/wp-json\/wp\/v2\/comments?post=2"}],"version-history":[{"count":7,"href":"https:\/\/blog.ilgiornale.it\/ruzzo\/wp-json\/wp\/v2\/pages\/2\/revisions"}],"predecessor-version":[{"id":31793,"href":"https:\/\/blog.ilgiornale.it\/ruzzo\/wp-json\/wp\/v2\/pages\/2\/revisions\/31793"}],"wp:attachment":[{"href":"https:\/\/blog.ilgiornale.it\/ruzzo\/wp-json\/wp\/v2\/media?parent=2"}],"curies":[{"name":"wp","href":"https:\/\/api.w.org\/{rel}","templated":true}]}}