{"id":2,"date":"2012-12-11T11:29:55","date_gmt":"2012-12-11T11:29:55","guid":{"rendered":"https:\/\/blog.ilgiornale.it\/sacchelli\/?page_id=2"},"modified":"2012-12-16T13:21:07","modified_gmt":"2012-12-16T13:21:07","slug":"perche-esisto","status":"publish","type":"page","link":"https:\/\/blog.ilgiornale.it\/sacchelli\/perche-esisto\/","title":{"rendered":"Perch\u00e9 esisto"},"content":{"rendered":"<p>In uno dei capisaldi degli Stati Uniti d\u2019America c\u2019\u00e8 l\u2019impronta italiana. La ricerca della felicit\u00e0 (<em>The pursuit of happiness<\/em>) \u00e8 alla base dell&#8217;<em>american dream<\/em>. Fu l\u2019illuminista toscano <strong>Filippo Mazzei<\/strong> a suggerire a <strong>Thomas Jefferson<\/strong> di inserirla tra i diritti inalienabili dell&#8217;uomo.<\/p>\n<p>Il nome di questo blog, <strong><em>Monticello<\/em><\/strong>, nasce dalla piccola collina vicina a Charlottesville, in Virginia, dove Jefferson \u2013 terzo presidente degli Stati Uniti \u2013 fece costruire la sua tenuta. Inserita dall\u2019Unesco tra i <a href=\"http:\/\/whc.unesco.org\/en\/list\/442\" target=\"_blank\">patrimoni dell\u2019umanit\u00e0<\/a>, l\u2019edificio fu costruito su progetto dello stesso Jefferson, che si ispir\u00f2 al Palladio. Visitata ogni anno da moltissime persone, \u00e8 uno dei luoghi pi\u00f9 importanti della storia americana.<\/p>\n<p>Attratto dal fermento dell\u2019autogoverno americano e soprattutto dalla disponibilit\u00e0 di terre, nel 1773 Filippo Mazzei decise di trasferirsi in Virginia, portando con s\u00e9 un gruppo di agricoltori toscani. Avendo amicizie comuni (<strong>Benjamin Franklin<\/strong> e <strong>John Adams<\/strong>, conosciuti a Londra), decise di andare a incontrare Jefferson a Monticello, con il quale, tra l\u2019altro, intratteneva gi\u00e0 rapporti epistolari. Questi lo convinse a fermarsi in zona e gli cedette una fetta di terra (0,75 kmq), dove Mazzei impiant\u00f2 la prima vigna sul suolo americano. Tra i due nacque un forte sodalizio, commerciale ma soprattutto culturale, che si protrasse per pi\u00f9 di 40 anni.<\/p>\n<p>Mazzei \u00e8 un personaggio quasi del tutto sconosciuto al grande pubblico. Eppure \u00e8 ritenuto, dagli storici, uno dei padri della <strong>Dichiarazione d\u2019Indipendenza americana<\/strong>. A lui, e a chi ama il &#8220;sogno americano&#8221;, \u00e8 dedicato questo blog.<\/p>\n","protected":false},"excerpt":{"rendered":"<p><p>In uno dei capisaldi degli Stati Uniti d\u2019America c\u2019\u00e8 l\u2019impronta italiana. La ricerca della felicit\u00e0 (The pursuit of happiness) \u00e8 alla base dell&#8217;american dream. Fu l\u2019illuminista toscano Filippo Mazzei a suggerire a Thomas Jefferson di inserirla tra i diritti inalienabili dell&#8217;uomo. Il nome di questo blog, Monticello, nasce dalla piccola collina vicina a Charlottesville, in Virginia, dove Jefferson \u2013 terzo presidente degli Stati Uniti \u2013 fece costruire la sua tenuta. Inserita dall\u2019Unesco tra i patrimoni dell\u2019umanit\u00e0, l\u2019edificio fu costruito su progetto dello stesso Jefferson, che si ispir\u00f2 al Palladio. Visitata ogni anno da moltissime persone, \u00e8 uno dei luoghi pi\u00f9 [&hellip;]<\/p>\n&nbsp;&nbsp;<div class=\"readmore\"><a href=\"https:\/\/blog.ilgiornale.it\/sacchelli\/perche-esisto\/\">Continua a leggere...<\/a><\/div><\/p>","protected":false},"author":991,"featured_media":0,"parent":0,"menu_order":0,"comment_status":"open","ping_status":"closed","template":"","meta":[],"_links":{"self":[{"href":"https:\/\/blog.ilgiornale.it\/sacchelli\/wp-json\/wp\/v2\/pages\/2"}],"collection":[{"href":"https:\/\/blog.ilgiornale.it\/sacchelli\/wp-json\/wp\/v2\/pages"}],"about":[{"href":"https:\/\/blog.ilgiornale.it\/sacchelli\/wp-json\/wp\/v2\/types\/page"}],"author":[{"embeddable":true,"href":"https:\/\/blog.ilgiornale.it\/sacchelli\/wp-json\/wp\/v2\/users\/991"}],"replies":[{"embeddable":true,"href":"https:\/\/blog.ilgiornale.it\/sacchelli\/wp-json\/wp\/v2\/comments?post=2"}],"version-history":[{"count":7,"href":"https:\/\/blog.ilgiornale.it\/sacchelli\/wp-json\/wp\/v2\/pages\/2\/revisions"}],"predecessor-version":[{"id":5,"href":"https:\/\/blog.ilgiornale.it\/sacchelli\/wp-json\/wp\/v2\/pages\/2\/revisions\/5"}],"wp:attachment":[{"href":"https:\/\/blog.ilgiornale.it\/sacchelli\/wp-json\/wp\/v2\/media?parent=2"}],"curies":[{"name":"wp","href":"https:\/\/api.w.org\/{rel}","templated":true}]}}