{"id":2,"date":"2013-07-08T15:52:29","date_gmt":"2013-07-08T15:52:29","guid":{"rendered":"https:\/\/blog.ilgiornale.it\/spirli\/?page_id=2"},"modified":"2013-07-09T14:38:17","modified_gmt":"2013-07-09T14:38:17","slug":"perche-questo-blog","status":"publish","type":"page","link":"https:\/\/blog.ilgiornale.it\/spirli\/perche-questo-blog\/","title":{"rendered":"Perch\u00e8 esisto"},"content":{"rendered":"<p>Non mi \u00e8 mai stato facile usare la tecnologia per scrivere.<br \/>\nMi considero figlio della carta e della matita.<\/p>\n<p>Amo sentire il profumo del mio taccuino coi suoi fogli di carta di Amalfi. Sento l&#8217;odore delle parole appena scritte con la punta del lapis.<br \/>\nEcco perch\u00e9 sono cosciente di essere, ormai, una vecchia checca: perch\u00e9 vivo di cose da toccare, mentre il resto dell&#8217;occidente diventa sempre pi\u00f9 virtuale.<\/p>\n<p>Ma, poi, penso: le cose della vita non sono mica tanto virtuali&#8230; e , dunque, riporto sul web quella sensazione di parola e pensiero &#8220;tangibili&#8221;, appena li ho appoggiati sulla carta.<br \/>\nE&#8217; come munirli di un biglietto A\/R per il resto del mondo.<\/p>\n<p>&#8230; e non mi sento solo&#8230;<\/p>\n","protected":false},"excerpt":{"rendered":"<p><p>Non mi \u00e8 mai stato facile usare la tecnologia per scrivere. Mi considero figlio della carta e della matita. Amo sentire il profumo del mio taccuino coi suoi fogli di carta di Amalfi. Sento l&#8217;odore delle parole appena scritte con la punta del lapis. Ecco perch\u00e9 sono cosciente di essere, ormai, una vecchia checca: perch\u00e9 vivo di cose da toccare, mentre il resto dell&#8217;occidente diventa sempre pi\u00f9 virtuale. Ma, poi, penso: le cose della vita non sono mica tanto virtuali&#8230; e , dunque, riporto sul web quella sensazione di parola e pensiero &#8220;tangibili&#8221;, appena li ho appoggiati sulla carta. E&#8217; [&hellip;]<\/p>\n&nbsp;&nbsp;<div class=\"readmore\"><a href=\"https:\/\/blog.ilgiornale.it\/spirli\/perche-questo-blog\/\">Continua a leggere...<\/a><\/div><\/p>","protected":false},"author":991,"featured_media":0,"parent":0,"menu_order":0,"comment_status":"open","ping_status":"closed","template":"","meta":[],"_links":{"self":[{"href":"https:\/\/blog.ilgiornale.it\/spirli\/wp-json\/wp\/v2\/pages\/2"}],"collection":[{"href":"https:\/\/blog.ilgiornale.it\/spirli\/wp-json\/wp\/v2\/pages"}],"about":[{"href":"https:\/\/blog.ilgiornale.it\/spirli\/wp-json\/wp\/v2\/types\/page"}],"author":[{"embeddable":true,"href":"https:\/\/blog.ilgiornale.it\/spirli\/wp-json\/wp\/v2\/users\/991"}],"replies":[{"embeddable":true,"href":"https:\/\/blog.ilgiornale.it\/spirli\/wp-json\/wp\/v2\/comments?post=2"}],"version-history":[{"count":5,"href":"https:\/\/blog.ilgiornale.it\/spirli\/wp-json\/wp\/v2\/pages\/2\/revisions"}],"predecessor-version":[{"id":8,"href":"https:\/\/blog.ilgiornale.it\/spirli\/wp-json\/wp\/v2\/pages\/2\/revisions\/8"}],"wp:attachment":[{"href":"https:\/\/blog.ilgiornale.it\/spirli\/wp-json\/wp\/v2\/media?parent=2"}],"curies":[{"name":"wp","href":"https:\/\/api.w.org\/{rel}","templated":true}]}}