{"id":4,"date":"2007-07-26T14:51:23","date_gmt":"2007-07-26T12:51:23","guid":{"rendered":"https:\/\/blog.ilgiornale.it\/taliani\/disclaimer\/"},"modified":"2007-07-26T14:51:23","modified_gmt":"2007-07-26T12:51:23","slug":"disclaimer","status":"publish","type":"page","link":"https:\/\/blog.ilgiornale.it\/taliani\/disclaimer\/","title":{"rendered":"Disclaimer"},"content":{"rendered":"<div class=\"disclaimer-text\">\n<p class=\"MsoNormal\"><strong>Condizioni specifiche per l\u2019accesso al blog e finalit\u00e0 d&#8217;uso <\/strong><span><\/span><\/p>\n<p class=\"MsoNormal\"><strong>1.1<\/strong> L&#8217;accesso al blog \u00e8 gratuito. Il giornalista titolare del sito ha il diritto di modificare, in tutto o in parte, senza alcun preavviso e a propria assoluta discrezione, il contenuto, le immagini, i termini e\/o le condizioni di accesso al blog. A sua volta l\u2019editore, titolare del sito che ospita il blog, per esigenze tecniche ed editoriali si riserva di modificare o cancellare il blog stesso e potr\u00e0 pertanto in qualunque momento e in qualunque modo, intervenire sul blog stesso.<\/p>\n<p class=\"MsoNormal\"><span> <\/span><strong>2. Propriet\u00e0 Intellettuale<\/strong><\/p>\n<p class=\"MsoNormal\"><strong>2.1<\/strong> Tutti i diritti di autore e di propriet\u00e0 intellettuale relativi alla configurazione, al lay out appartengono all\u2019Editore, mentre i contenuti appartengono al giornalista titolare del blog<strong>. I Contenuti pubblicati nel sito sono liberamente riproducibili a patto di indicarne con precisione autore e fonte. Riproduzioni effettuate senza queste indicazioni saranno considerate illecite e perseguite a norma di legge.<\/strong><\/p>\n<p class=\"MsoNormal\"><strong>2.2<\/strong> Il <strong>Sito<\/strong> e i <strong>Servizi<\/strong> forniti dal sito e dal blog sono resi accessibili al Lettore esclusivamente per uso personale e privato, salvo il diritto di riprodurli e diffonderli indicandone autore e fonte.<\/p>\n<p class=\"MsoNormal\"><strong>2.3<\/strong> Il <em>copyright<\/em>, i marchi, i segni distintivi e gli altri diritti inerenti alla propriet\u00e0 intellettuale del <strong>Sito, del blog<\/strong> e dei <strong>Servizi<\/strong> sono e rimangono conferiti all\u2019editore<strong>, ai legittimi titolari <\/strong>e\/o ai loro danti causa. <span> <\/span>In caso di citazione di materiali e contenuti pubblicati dal blog, nei limiti consentiti dalla legge \u00e8 obbligatorio il link per indicare correttamente la fonte dei contenuti<\/p>\n<p class=\"MsoNormal\"><strong>2.4<\/strong> Il lettore riconosce che il <strong>Sito<\/strong> ed il Blog contengono informazioni riservate e sono protetti dalle leggi in materia di propriet\u00e0 intellettuale e\/o industriale.<\/p>\n<p><strong>2.5<\/strong> Resta in ogni caso inteso che il Lettore non pu\u00f2 (n\u00e9 pu\u00f2 consentire che terzi lo facciano) sublicenziare, noleggiare, vendere, distribuire, mettere in circolazione, a disposizione, trasformare anche solo in parte, decodificare, decompilare, disassemblare, modificare, tradurre il <strong>Sito<\/strong> ed il blog effettuare operazioni di reverse engineering e comunque riprodurre, copiare, usare o disporre del <strong>Sito<\/strong>, del blog o di sue parti, in ogni altro modo che non sia qui espressamente consentito o consentito da norme inderogabili di legge. Inoltre il Lettore non \u00e8 autorizzato a creare lavori derivati, o in qualsiasi modo tentare di scoprire qualunque codice sorgente, o sviluppare prodotti o applicazioni software basate sui <strong>Servizi<\/strong> o che facciano in qualsiasi modo uso degli stessi.<\/p>\n<p><strong>3. Comportamento del Lettore.<\/strong><\/p>\n<p class=\"MsoNormal\"><strong>3.1<\/strong> L&#8217;utilizzo del <strong>Sito, del blog<\/strong> e dei <strong>Servizi<\/strong> \u00e8 destinato all&#8217;uso personale e privato; essi pertanto non potranno essere utilizzati:<\/p>\n<p class=\"MsoNormal\">(a) per finalit\u00e0 illecite;<\/p>\n<ol>\n<li class=\"MsoNormal\">per interrompere, danneggiare o rendere meno      efficiente una parte o la totalit\u00e0 del <strong>Sito<\/strong> e\/o dei <strong>Servizi<\/strong>      o in modo da danneggiare in qualche modo l&#8217;efficacia o la funzionalit\u00e0 del      <strong>Sito<\/strong> e\/o dei <strong>Servizi<\/strong>;<\/li>\n<li class=\"MsoNormal\">in qualsiasi modo che possa danneggiare il computer      di un altro lettore o causare disagi;<\/li>\n<li class=\"MsoNormal\">per la trasmissione, il caricamento <em>(upload)<\/em>      o la pubblicazione sul <strong>Sito<\/strong> di qualsiasi virus o di altri codici, <em>file<\/em>      o programmi creati per interrompere, distruggere o limitare il      funzionamento dei <em>software<\/em>, degli <em>hardware<\/em> o degli impianti      di telecomunicazioni di terzi;<\/li>\n<li class=\"MsoNormal\">per trasmettere, caricare <em>(upload)<\/em> o      pubblicare materiale diffamatorio, offensivo, razzista, volgare,      sedizioso, di carattere osceno o minaccioso, o comunque reprensibile;<\/li>\n<li class=\"MsoNormal\">come mezzo per minacciare, molestare, perseguitare      o insultare terzi ovvero per raccogliere e conservare dati personali di      questi ultimi;<\/li>\n<li class=\"MsoNormal\">in violazione di diritti (ivi compresi quelli di <em>copyright<\/em>      o di riservatezza) di terzi;<\/li>\n<li class=\"MsoNormal\">per trasmettere qualsiasi materiale a scopo      meramente pubblicitario senza previo consenso scritto da parte      dell\u2019editore e del titolare del blog;<\/li>\n<li class=\"MsoNormal\">per trasmettere, caricare (<em>upload<\/em>),      pubblicare sul <strong>Sito<\/strong>, sul blog o mettere in altro modo a      disposizione di altri, qualsiasi tipo di pubblicit\u00e0 non autorizzata,      materiale promozionale, &#8220;posta indesiderata&#8221; (<em>junkmail<\/em>),      &#8220;spam&#8221;, &#8220;modelli piramidali&#8221; (<em>pyramid schemes<\/em>),      o altri messaggi non sollecitati di qualunque forma e genere.<\/li>\n<\/ol>\n<p class=\"MsoNormal\"><strong>3.2<\/strong> Il titolare del blog si riserva il diritto di rifiutare a proprio insindacabile giudizio l&#8217;accesso a qualsiasi pubblicazione o informazione, nonch\u00e9 anche successivamente di cambiarne la collocazione.<\/p>\n<p class=\"MsoNormal\"><strong>4. Limitazione di Responsabilit\u00e0<\/strong><\/p>\n<p class=\"MsoNormal\"> <strong>4.1<\/strong>. La responsabilit\u00e0 della navigazione sul <strong>Sito<\/strong> \u00e8 totalmente a carico del<strong> Lettore<\/strong>. In particolare il titolare del sito<strong> <\/strong>non riconosce nessuna garanzia, sia espressa sia implicita, in relazione al blog ai <strong>Contenuti<\/strong> e alle <strong>Opere<\/strong>, nonch\u00e9 ai <strong>Servizi<\/strong>, anche sul piano della completezza, accuratezza e qualit\u00e0.<\/p>\n<p class=\"MsoNormal\"><strong>4.2 <\/strong><span>Il<strong> <\/strong><\/span>lettore del <strong>Sito<\/strong> e del blog accetta che:<\/p>\n<ol>\n<li class=\"MsoNormal\">\u00e8 tecnicamente impossibile fornire un <strong>Sito<\/strong>      privo di difetti, e che l\u2019editore ed il titolare del blog non si assumono      tale responsabilit\u00e0;<\/li>\n<li class=\"MsoNormal\">il <strong>Sito<\/strong> potrebbe essere temporaneamente      inaccessibile;<\/li>\n<li class=\"MsoNormal\">il funzionamento del <strong>Sito<\/strong> potrebbe risentire      di condizioni e prestazioni fuori del controllo del titolare;<\/li>\n<li class=\"MsoNormal\">alcuni <strong>Contenuti<\/strong> e\/o <strong>Opere<\/strong> potrebbero      contenere inesattezze o refusi;<\/li>\n<li class=\"MsoNormal\">Il <strong>Sito, il blog<\/strong> e i <strong>Servizi<\/strong> si      rivolgono a un pubblico vasto ed eterogeneo: L\u2019editore<strong> <\/strong>invita      pertanto ai genitori a sorvegliare i minori e stabilire quali aree del <strong>Sito<\/strong>      siano adatte ai minori.<\/li>\n<\/ol>\n<p class=\"MsoNormal\"><strong>4.3<\/strong> L\u2019editore<strong> <\/strong>non \u00e8 responsabile di alcuna perdita o di eventuali danni derivanti dalla mancata osservanza, da parte del Fruitore dei presenti termini e condizioni, fatto salvo il caso in cui gli stessi fossero dovuti a negligenza o a colpa da parte dell\u2019editore.<\/p>\n<p><strong>4.4<\/strong> Fatti salvi i casi di danni alla persona causati da negligenza, colpa grave nonch\u00e9 dolo, <strong>l\u2019editore <\/strong>non sar\u00e0 responsabile di qualsiasi perdita o danno derivante, o collegato in qualunque modo all&#8217;uso e al funzionamento del <strong>Sito<\/strong>, ivi compresi senza limitazione alcuna, danni per perdita di affari, perdita di utili, interruzione dell&#8217;attivit\u00e0, perdita di informazioni commerciali, qualsiasi altro tipo di perdita pecuniaria.<\/p>\n<p><strong>5. Garanzie<\/strong><\/p>\n<p class=\"MsoNormal\"><strong>5.1<\/strong> Il lettore riconosce e accetta espressamente che:<\/p>\n<ol>\n<li class=\"MsoNormal\">il <strong>Sito, il blog<\/strong> e gli eventuali <strong>servizi      accessori<\/strong> sono forniti &#8220;COME SONO&#8221; e &#8220;COME      DISPONIBILI&#8221;. E&#8217; espressamente esclusa qualsivoglia garanzia da parte      del titolare del sito e del blog .<\/li>\n<li class=\"MsoNormal\"><strong><span> <\/span>Il      titolare del sito <\/strong>non garantisce (i) che il <strong>Sito, il blog<\/strong> e gli      eventuali <strong>servizi accessori <\/strong>soddisferanno le esigenze del Lettore,      (ii) che il <strong>Sito, il blog<\/strong> e i <strong>Servizi<\/strong> saranno forniti senza      interruzioni, con puntualit\u00e0, in modo sicuro o esente da errori, (iii)      l&#8217;aspettativa del Lettore che i risultati ottenuti dall&#8217;utilizzo del <strong>Sito,      del blog<\/strong> e dei <strong>Servizi<\/strong> siano veritieri e affidabili (iv) che la      qualit\u00e0 dei prodotti, <strong>servizi<\/strong>, informazioni o altri materiali      acquisiti o ottenuti per il tramite del <strong>sito<\/strong> e\/o dei software possano      soddisfare le esigenze degli lettori, n\u00e9 che (v) eventuali errori nel materiale      pubblicato siano corretti.<\/li>\n<li class=\"MsoNormal\">Qualsiasi <strong>Contenuto<\/strong> scaricato o altrimenti      ottenuto dal o per il tramite del <strong>Sito<\/strong> e del blog \u00e8 ottenuto a sola      ed esclusiva discrezione e a esclusivo rischio degli <strong>Lettori<\/strong> che sono      i soli ed esclusivi responsabili per ogni danno al proprio computer o per      la perdita di dati derivante dall&#8217;aver scaricato tali <strong>Contenuti<\/strong> e\/o      <strong>Opere<\/strong> o dall&#8217;avere utilizzato il <strong>Sito, il blog<\/strong> e i <strong>Servizi<\/strong>.<\/li>\n<\/ol>\n<p class=\"MsoNormal\"><strong>5.2<\/strong> Il lettore dichiara e garantisce di tenere indenne e manlevare il titolare del sito ed il titolare del blog nonch\u00e9 i soggetti a essa collegati o da essa controllati, i suoi rappresentanti, da qualsiasi obbligo risarcitorio, incluse eventuali spese legali, che possa derivare dai <strong>Contenuti<\/strong> e\/o dalle <strong>Opere<\/strong> pubblicate, dall&#8217;utilizzo del <strong>Sito, del blog<\/strong> o dei <strong>Servizi<\/strong> da parte degli lettori, dalla violazione delle norme che ne regolamentano l&#8217;uso ovvero da una eventuale violazione dei diritti di terzi.<\/p>\n<p class=\"MsoNormal\"><strong>5.3<\/strong> Il lettore dichiara di essere consapevole del fatto che <strong>l\u2019editore <\/strong>esercita un controllo parziale e successivo relativamente alla natura e al contenuto delle informazioni riportate nelle aree del <strong>blog<\/strong><\/p>\n<p class=\"MsoNormal\"><strong>6<\/strong>. <strong>Sospensione<\/strong><\/p>\n<p class=\"MsoNormal\">L\u2019editore si riserva il diritto di sospendere l&#8217;accesso al <strong>Sito, al blog<\/strong> e agli eventuali servizi accessori, nel caso in cui si verificasse una violazione, da parte del <strong>lettore<\/strong>, dei presenti termini e condizioni.<\/p>\n<p><strong>7. Altri Siti Web<\/strong><\/p>\n<p class=\"MsoNormal\">Il <strong>Sito ed il blog <\/strong>potrebbero contenere collegamenti ad altri siti, che non sono sotto il controllo dell\u2019editore.<\/p>\n<p class=\"MsoNormal\"><span><\/span>Il lettore prende atto che i presenti termini e condizioni si applicano esclusivamente all&#8217;uso di questo <strong>Sito, del blog<\/strong> e dei relativi <strong>Servizi<\/strong>; <strong>L\u2019editore <\/strong>non \u00e8 pertanto responsabile del materiale contenuto negli altri siti web. Qualsiasi collegamento ad altri siti non implica inoltre la promozione degli stessi e\/o del loro contenuto, nonch\u00e9 la condivisione dei valori promossi dagli altri siti.<\/p>\n<p><strong>8. Integrazioni e Modifiche <\/strong><\/p>\n<p class=\"MsoNormal\">L\u2019editore si riserva il diritto di modificare periodicamente il <strong>Sito<\/strong>, nonch\u00e9 il diritto di aggiornare i presenti termini e le condizioni, pubblicando sul <strong>Sito<\/strong> i cambiamenti atti a vincolare i <strong>Lettori<\/strong>.<\/p>\n<p><strong>9. Interpretazione<\/strong><\/p>\n<p class=\"MsoNormal\">Ogni disposizione dei presenti termini e condizioni, che esclude o limita la responsabilit\u00e0, deve essere interpretata separatamente dalle altre: tali previsioni si applicano e sussistono anche se, per qualsiasi ragione, si dovesse ritenere che una o alcune disposizioni non fossero applicabili o efficaci, restando in vigore nonostante la mancata osservanza dei presenti termini di utilizzazioni del <strong>Sito e del blog<\/strong>.<\/p>\n<p class=\"MsoNormal\"><strong>10. Legge applicabile. Giurisdizione Italiana e competenza.<\/strong><\/p>\n<p class=\"MsoNormal\">I presenti termini e condizioni sono disciplinati dalle leggi vigenti in Italia; essi dovranno essere interpretati in conformit\u00e0 alle stesse.<\/p>\n<p class=\"MsoNormal\">Ai termini e alle condizioni di cui al presente documento si applica la legge italiana.<br \/>\nOgni eventuale controversia tra <strong>il titolare del sito, il titolare del blog <\/strong>e i <strong>Lettori<\/strong>, sar\u00e0 decisa dal giudice competente secondo la legge della Repubblica Italiana.<\/p>\n<p class=\"MsoNormal\"><strong>11. Privacy.<\/strong><\/p>\n<p class=\"MsoNormal\">I dati personali forniti dal <strong>Lettore <\/strong>sono tutelati in conformit\u00e0 a quanto disposto dal Decreto legislativo 196\/2003 &#8220;Codice in materia di protezione dei dati personali&#8221; e sue successive modifiche e integrazioni.<\/p>\n<p><span><\/span><\/p>\n<p class=\"MsoNormal\"><strong>12. Web Privacy Policy<\/strong><\/p>\n<p class=\"MsoNormal\"><strong>Introduzione<\/strong><\/p>\n<p class=\"MsoNormal\">L\u2019editore, con la  presente Privacy Policy rende note le modalit\u00e0 di gestione con cui tutela la privacy degli lettori che consultano il sito<\/p>\n<p class=\"MsoNormal\">Informative sul trattamento dettagliate, rese ai sensi dell&#8217;art. 13 del D.Lgs 196\/03 &#8211; Codice in materia di protezione dei dati personali &#8211; sono riportate di volta in volta nelle pagine relative ai singoli servizi offerti. Tali informative sono dirette a definire limiti e modalit\u00e0 del trattamento dei dati di ciascun <strong>servizio<\/strong> in base alle quali poi, il cliente\/visitatore potr\u00e0 esprimere liberamente il proprio consenso ed autorizzare la raccolta dei dati ed il successivo utilizzo. In relazione ai vari servizi saranno comunicati i nominativi degli ulteriori eventuali Titolari o Responsabili del trattamento.<\/p>\n<p><strong>Tipologia di dati trattati<\/strong><\/p>\n<p class=\"MsoNormal\">Il sito WEB offre contenuti di tipo informativo ed interattivo. Durante la navigazione del sito, si possono quindi acquisire informazioni sul cliente, o pi\u00f9 in generale sul visitatore, nei seguenti modi:<\/p>\n<p class=\"MsoNormal\"><span><\/span><strong>A) Dati di navigazione<\/strong><\/p>\n<p class=\"MsoNormal\">Il sito WEB raccoglie informazioni tecniche relative all&#8217;hardware e al software utilizzati dai visitatori, autonomamente attraverso l&#8217;ausilio di strumenti per l&#8217;analisi dei file di collegamento. Tali informazioni riguardano:<\/p>\n<ul>\n<li class=\"MsoNormal\">indirizzo IP,<\/li>\n<li class=\"MsoNormal\">tipo di browser,<\/li>\n<li class=\"MsoNormal\">Internet service provider,<\/li>\n<li class=\"MsoNormal\">sistema operativo,<\/li>\n<li class=\"MsoNormal\">nome di dominio e indirizzi di siti Web dai quali      ha effettuato l&#8217;accesso o l&#8217;uscita (referring\/exit pages),<\/li>\n<li class=\"MsoNormal\">informazioni sulle pagine visitate dagli lettori      all&#8217;interno del sito,<\/li>\n<li class=\"MsoNormal\">orario d&#8217;accesso,<\/li>\n<li class=\"MsoNormal\">permanenza sulla singola pagina,<\/li>\n<li class=\"MsoNormal\">analisi di percorso interno (clickstream)<\/li>\n<li class=\"MsoNormal\">risoluzione video<\/li>\n<li class=\"MsoNormal\">tipo di connessione<\/li>\n<li class=\"MsoNormal\">nazione da cui il cliente\/visitatore si collega<\/li>\n<li class=\"MsoNormal\">presenza di plugin java installati<\/li>\n<\/ul>\n<p>Tali informazioni non forniscono dati personali del cliente\/visitatore ma solo dati di carattere tecnico\/informatico che sono raccolti ed utilizzati in maniera aggregata ed anonima al solo scopo di migliorare la qualit\u00e0 del <strong>servizio <\/strong>e fornire statistiche concernenti l&#8217;uso del sito. I suddetti dati vengono cancellati subito dopo l&#8217;elaborazione.<\/p>\n<p class=\"MsoNormal\"> <strong>B) Dati forniti dal cliente\/visitatore <\/strong><\/p>\n<p class=\"MsoNormal\">Si tratta dei casi in cui \u00e8 lo stesso cliente\/visitatore a rilasciare sul sito, previa lettura di informativa dettagliata, i propri dati personali per accedere a determinati servizi ovvero per inoltrare richieste a mezzo di posta elettronica. Ci\u00f2 comporta l&#8217;acquisizione da parte del titolare del sito dell&#8217;indirizzo del mittente e\/o di altri eventuali dati personali che saranno trattati esclusivamente per rispondere alle richieste effettuate ovvero per l&#8217;erogazione del <strong>servizio<\/strong> richiesto. <strong>Policy di &#8220;Opt-In&#8221; e &#8220;Opt-Out&#8221;<\/strong>: in tutti i casi, prima di procedere all&#8217;attivazione di un determinato <strong>servizio<\/strong> sar\u00e0 fornita idonea informativa e, dove necessario, acquisito il relativo consenso al trattamento dei dati personali. Tale consenso potr\u00e0 essere in seguito revocato in qualsiasi momento, facendo decadere la possibilit\u00e0 di utilizzo del <strong>servizio<\/strong> in questione. La conservazione dei dati raccolti avviene per il tempo strettamente necessario al conseguimento della finalit\u00e0 per la quale il trattamento \u00e8 effettuato, ossia l&#8217;attivazione\/gestione del <strong>servizio<\/strong> richiesto.<\/p>\n<p><strong>C) Cookies <\/strong><\/p>\n<p class=\"MsoNormal\">I COOKIES sono porzioni d&#8217;informazione memorizzabili nel computer durante la navigazione di un sito Web, al fine di elaborare ed identificare i dati d&#8217;utilizzo. Il file di cookie \u00e8 solitamente di ridottissime dimensioni e non contribuisce alla saturazione dello spazio fisico del disco rigido. Il cookie \u00e8 trasferito sul disco del lettore a fini di registrazione per &#8220;memorizzare&#8221; quali aree di un sito Web sono state visitate. Questa scelta consente di risparmiare tempo, permettendo cliente\/visitatore di raggiungere pi\u00f9 velocemente le parti principali di un sito in precedenza visitate Esistono diversi tipi di cookies: \u00b7 permanenti, ossia che rimangono sul disco fisso, anche una volta chiuso il browser; \u00b7 temporanei o di sessione, che sono memorizzati unicamente per la durata della navigazione e vengono cancellati dal computer con la chiusura del browser; \u00b7 di terzi, generati da un sito web diverso da quello che state attualmente visitando. I cookies utilizzati dal titolare del sito sono una combinazione di queste tre tipologie: alcuni servono solo per l&#8217;apertura e il mantenimento di una sessione sotto alettoricazione (cookies temporanei). In tal caso, la chiusura della sessione d&#8217;alettoricazione o del browser li render\u00e0 inutilizzabili sia da noi sia da terzi, pur permanendo fisicamente sul pc utilizzato (cookies permanenti). A fini puramente statistici sono inoltre rilasciati cookies di terzi, per la misurazione d&#8217;informazioni aggregate (vedi parte relativa a Informazioni raccolte indirettamente sul lettore). Al fine di offrire un sito che risponda alle attese e agli interessi del cliente\/visitatore, viene costantemente effettuata un&#8217;analisi dei dati raccolti sui cookies; tali dati indicano unicamente ed in forma anonima in che modo viene usato il sito, cio\u00e8 gli ambiti e le sezioni che sono stati ritenuti di maggiore interesse ed utilit\u00e0 per i navigatori. E&#8217; data al cliente\/visitatore la facolt\u00e0 di impostare il proprio browser in modo da accettare tutti i cookies, solo alcuni, oppure rifiutarli. Rendiamo noto, tuttavia, che la mancata accettazione dei cookies potrebbe comportare l&#8217;impossibilit\u00e0 di erogazione del <strong>servizio<\/strong> nel caso di accesso ad aree sotto alettoricazione. Si ricorda, inoltre, che alla fine d&#8217;ogni sessione di navigazione il cliente\/visitatore potr\u00e0 in ogni caso cancellare dal proprio disco fisso sia la cache-memory di navigazione sia i cookies raccolti. 5. Modalit\u00e0 del trattamento. Il trattamento viene effettuato attraverso strumenti automatizzati (ad es. utilizzando procedure e supporti elettronici) e\/o manualmente (ad es. su supporto cartaceo) per il tempo strettamente necessario a conseguire gli scopi per i quali i dati sono stati raccolti e, comunque, nel rispetto della normativa vigente in materia.<\/p>\n<\/div>\n","protected":false},"excerpt":{"rendered":"<p><p>Condizioni specifiche per l\u2019accesso al blog e finalit\u00e0 d&#8217;uso 1.1 L&#8217;accesso al blog \u00e8 gratuito. Il giornalista titolare del sito ha il diritto di modificare, in tutto o in parte, senza alcun preavviso e a propria assoluta discrezione, il contenuto, le immagini, i termini e\/o le condizioni di accesso al blog. A sua volta l\u2019editore, titolare del sito che ospita il blog, per esigenze tecniche ed editoriali si riserva di modificare o cancellare il blog stesso e potr\u00e0 pertanto in qualunque momento e in qualunque modo, intervenire sul blog stesso. 2. Propriet\u00e0 Intellettuale 2.1 Tutti i diritti di autore e [&hellip;]<\/p>\n&nbsp;&nbsp;<div class=\"readmore\"><a href=\"https:\/\/blog.ilgiornale.it\/taliani\/disclaimer\/\">Continua a leggere...<\/a><\/div><\/p>","protected":false},"author":2,"featured_media":0,"parent":0,"menu_order":0,"comment_status":"open","ping_status":"closed","template":"","meta":[],"_links":{"self":[{"href":"https:\/\/blog.ilgiornale.it\/taliani\/wp-json\/wp\/v2\/pages\/4"}],"collection":[{"href":"https:\/\/blog.ilgiornale.it\/taliani\/wp-json\/wp\/v2\/pages"}],"about":[{"href":"https:\/\/blog.ilgiornale.it\/taliani\/wp-json\/wp\/v2\/types\/page"}],"author":[{"embeddable":true,"href":"https:\/\/blog.ilgiornale.it\/taliani\/wp-json\/wp\/v2\/users\/2"}],"replies":[{"embeddable":true,"href":"https:\/\/blog.ilgiornale.it\/taliani\/wp-json\/wp\/v2\/comments?post=4"}],"version-history":[{"count":0,"href":"https:\/\/blog.ilgiornale.it\/taliani\/wp-json\/wp\/v2\/pages\/4\/revisions"}],"wp:attachment":[{"href":"https:\/\/blog.ilgiornale.it\/taliani\/wp-json\/wp\/v2\/media?parent=4"}],"curies":[{"name":"wp","href":"https:\/\/api.w.org\/{rel}","templated":true}]}}