{"id":2,"date":"2016-02-18T15:07:42","date_gmt":"2016-02-18T15:07:42","guid":{"rendered":"https:\/\/blog.ilgiornale.it\/tecce\/?page_id=2"},"modified":"2016-02-18T16:59:34","modified_gmt":"2016-02-18T15:59:34","slug":"perche-questo-blog","status":"publish","type":"page","link":"https:\/\/blog.ilgiornale.it\/tecce\/perche-questo-blog\/","title":{"rendered":"Perch\u00e8 questo blog"},"content":{"rendered":"<div>Insolente non in quanto arrogante e impertinente ma nel senso latino del termine: insolente \u00e8 ci\u00f2 che non \u00e8 solito, che urta contro l&#8217;abitudine e i costumi. Elogio del pensiero critico: ho scelto di coltivare una capacit\u00e0 di giudizio controcorrente che mi consenta di formarmi idee fuori dal coro e distaccate dal comune pensare; ho scelto di \u00a0difendere una certa idea di Italia, attraverso una battaglia culturale e sociale che si opponga alla dissolvenza delle proprie radici e dei propri valori.<\/div>\n<div>\u00a0Detesto con tutta me stessa i cuori pavidi, gli opportunisti e gli adulatori in servizio permanente, \u00a0il sottobosco della politica nei suoi intrighi miserabili e il teatrino del politicamente corretto. Auspico gironi danteschi per i radical chic e gli ipocriti buonisti: personaggi drammatici che si manifestano in maniera tragicomica.<\/div>\n<div>Adoro le persone creative, gli artisti, chi ci mette la faccia, chi coltiva una propria identit\u00e0 controcorrente a costo di pagarne le conseguenze.<\/div>\n","protected":false},"excerpt":{"rendered":"<p><p>Insolente non in quanto arrogante e impertinente ma nel senso latino del termine: insolente \u00e8 ci\u00f2 che non \u00e8 solito, che urta contro l&#8217;abitudine e i costumi. Elogio del pensiero critico: ho scelto di coltivare una capacit\u00e0 di giudizio controcorrente che mi consenta di formarmi idee fuori dal coro e distaccate dal comune pensare; ho scelto di \u00a0difendere una certa idea di Italia, attraverso una battaglia culturale e sociale che si opponga alla dissolvenza delle proprie radici e dei propri valori. \u00a0Detesto con tutta me stessa i cuori pavidi, gli opportunisti e gli adulatori in servizio permanente, \u00a0il sottobosco della [&hellip;]<\/p>\n&nbsp;&nbsp;<div class=\"readmore\"><a href=\"https:\/\/blog.ilgiornale.it\/tecce\/perche-questo-blog\/\">Continua a leggere...<\/a><\/div><\/p>","protected":false},"author":991,"featured_media":0,"parent":0,"menu_order":0,"comment_status":"open","ping_status":"closed","template":"","meta":[],"_links":{"self":[{"href":"https:\/\/blog.ilgiornale.it\/tecce\/wp-json\/wp\/v2\/pages\/2"}],"collection":[{"href":"https:\/\/blog.ilgiornale.it\/tecce\/wp-json\/wp\/v2\/pages"}],"about":[{"href":"https:\/\/blog.ilgiornale.it\/tecce\/wp-json\/wp\/v2\/types\/page"}],"author":[{"embeddable":true,"href":"https:\/\/blog.ilgiornale.it\/tecce\/wp-json\/wp\/v2\/users\/991"}],"replies":[{"embeddable":true,"href":"https:\/\/blog.ilgiornale.it\/tecce\/wp-json\/wp\/v2\/comments?post=2"}],"version-history":[{"count":1,"href":"https:\/\/blog.ilgiornale.it\/tecce\/wp-json\/wp\/v2\/pages\/2\/revisions"}],"predecessor-version":[{"id":7,"href":"https:\/\/blog.ilgiornale.it\/tecce\/wp-json\/wp\/v2\/pages\/2\/revisions\/7"}],"wp:attachment":[{"href":"https:\/\/blog.ilgiornale.it\/tecce\/wp-json\/wp\/v2\/media?parent=2"}],"curies":[{"name":"wp","href":"https:\/\/api.w.org\/{rel}","templated":true}]}}